{"id":267,"date":"2024-01-16T23:44:13","date_gmt":"2024-01-16T22:44:13","guid":{"rendered":"https:\/\/pilatescore.de\/?page_id=267"},"modified":"2025-01-22T23:13:09","modified_gmt":"2025-01-22T22:13:09","slug":"impressum","status":"publish","type":"page","link":"https:\/\/pilatescore.de\/pt\/impressum\/","title":{"rendered":"Aviso Legal"},"content":{"rendered":"<h2 class=\"wp-block-heading\"><strong>Aviso Legal<\/strong><\/h2>\n\n\n<div class=\"wp-block-image\">\n<figure class=\"alignright size-full is-resized\"><img data-opt-id=1156785299  fetchpriority=\"high\" decoding=\"async\" width=\"512\" height=\"512\" src=\"https:\/\/mlkze6ljs6jx.i.optimole.com\/w:auto\/h:auto\/q:mauto\/f:best\/https:\/\/pilatescore.de\/wp-content\/uploads\/2024\/01\/cropped-cropped-2AAA548A-E299-4874-990C-E2529178D427_1_105_c.jpeg\" alt=\"Das Pilates Core LOGO\" class=\"wp-image-277\" style=\"width:121px;height:auto\" srcset=\"https:\/\/mlkze6ljs6jx.i.optimole.com\/w:512\/h:512\/q:mauto\/f:best\/https:\/\/pilatescore.de\/wp-content\/uploads\/2024\/01\/cropped-cropped-2AAA548A-E299-4874-990C-E2529178D427_1_105_c.jpeg 512w, https:\/\/mlkze6ljs6jx.i.optimole.com\/w:300\/h:300\/q:mauto\/f:best\/https:\/\/pilatescore.de\/wp-content\/uploads\/2024\/01\/cropped-cropped-2AAA548A-E299-4874-990C-E2529178D427_1_105_c.jpeg 300w, https:\/\/mlkze6ljs6jx.i.optimole.com\/w:150\/h:150\/q:mauto\/f:best\/https:\/\/pilatescore.de\/wp-content\/uploads\/2024\/01\/cropped-cropped-2AAA548A-E299-4874-990C-E2529178D427_1_105_c.jpeg 150w, https:\/\/mlkze6ljs6jx.i.optimole.com\/w:12\/h:12\/q:mauto\/f:best\/dpr:2\/https:\/\/pilatescore.de\/wp-content\/uploads\/2024\/01\/cropped-cropped-2AAA548A-E299-4874-990C-E2529178D427_1_105_c.jpeg 12w\" sizes=\"(max-width: 512px) 100vw, 512px\" \/><\/figure>\n<\/div>\n\n\n<p>Informa\u00e7\u00f5es de acordo com o \u00a75 DDG:<\/p>\n\n\n\n<p>Paula Cordeiro<br>Propriet\u00e1ria e instrutora do<br>Est\u00fadio Pilates Core<br>em 53757 - Sankt Augustin<br>L\u00f6wenburgstra\u00dfe 9<br>NRW - Alemanha<br>Email: <a href=\"mailto:pilatescore.de@gmail.com\">pilatescore.de@gmail.com<\/a><br>Tel: +49 0178 322 4033<\/p>\n\n\n\n<p>St-Nr.: 222\/5005\/5402<\/p>\n\n\n\n<p>Aviso de Resolu\u00e7\u00e3o de Lit\u00edgios da UE<\/p>\n\n\n\n<p>A Comiss\u00e3o Europeia disponibiliza uma plataforma de resolu\u00e7\u00e3o de lit\u00edgios em linha (RLL) que pode ser acedida em: [Link para a plataforma de resolu\u00e7\u00e3o de lit\u00edgios em linha]. 1. Meu endere\u00e7o de Email se encontra acima no Aviso Legal. N\u00e3o estou disposta nem obrigada a participar em processos de resolu\u00e7\u00e3o de lit\u00edgios perante uma entidade de resolu\u00e7\u00e3o alternativa de lit\u00edgios de consumo<\/p>\n\n\n\n<p>Responsabilidade pelo conte\u00fado:<\/p>\n\n\n\n<p>Como provedora de servi\u00e7os, sou respons\u00e1vel por meus pr\u00f3prios conte\u00fados nestas p\u00e1ginas de acordo com as leis gerais, conforme o \u00a7 7 Abs.1 DDG. De acordo com o \u00a7 8 a 10 DDG, como provedora de servi\u00e7os, n\u00e3o sou obrigada a monitorar informa\u00e7\u00f5es de terceiros transmitidas ou armazenadas ou investigar circunst\u00e2ncias que indiquem atividades ilegais. As obriga\u00e7\u00f5es de remover ou bloquear o uso de informa\u00e7\u00f5es de acordo com as leis gerais permanecem inalteradas. No entanto, uma responsabilidade a esse respeito s\u00f3 \u00e9 poss\u00edvel a partir do momento em que se tenha conhecimento de uma viola\u00e7\u00e3o legal concreta. Ao tomar conhecimento de tais viola\u00e7\u00f5es legais, removerei esses conte\u00fados imediatamente.<\/p>\n\n\n\n<p>Responsabilidade por Links:<\/p>\n\n\n\n<p>Minha oferta inclui links para sites externos de terceiros, cujo conte\u00fado n\u00e3o est\u00e1 sob meu controle. Portanto, n\u00e3o posso garantir para esses conte\u00fados estrangeiros. O provedor ou operador das p\u00e1ginas vinculadas \u00e9 sempre respons\u00e1vel pelo conte\u00fado dessas p\u00e1ginas. As p\u00e1ginas vinculadas foram verificadas quanto a poss\u00edveis viola\u00e7\u00f5es legais no momento da vincula\u00e7\u00e3o. Conte\u00fados ilegais n\u00e3o eram reconhec\u00edveis no momento da vincula\u00e7\u00e3o. No entanto, um controle cont\u00ednuo do conte\u00fado das p\u00e1ginas vinculadas n\u00e3o \u00e9 razo\u00e1vel sem evid\u00eancia concreta de uma viola\u00e7\u00e3o da lei. Se eu me tornar ciente de viola\u00e7\u00f5es legais, removerei imediatamente tais links.<\/p>\n\n\n\n<p>Direitos autorais:<\/p>\n\n\n\n<p>Os conte\u00fados e obras criadas pelos operadores destas p\u00e1ginas est\u00e3o sujeitos ao direito autoral alem\u00e3o. A reprodu\u00e7\u00e3o, edi\u00e7\u00e3o, distribui\u00e7\u00e3o e qualquer tipo de utiliza\u00e7\u00e3o fora dos limites do direito autoral requerem o consentimento por escrito do respectivo autor ou criador. Downloads e c\u00f3pias destas p\u00e1ginas s\u00e3o permitidos apenas para uso privado e n\u00e3o comercial. Na medida em que os conte\u00fados desta p\u00e1gina n\u00e3o foram criados pelo operador, os direitos autorais de terceiros s\u00e3o respeitados. Em particular, os conte\u00fados de terceiros s\u00e3o identificados como tal. Se, mesmo assim, voc\u00ea se deparar com uma viola\u00e7\u00e3o de direitos autorais, pe\u00e7o que me informe a respeito. Ao tomar conhecimento de tais viola\u00e7\u00f5es, removerei imediatamente os conte\u00fados em quest\u00e3o.<\/p>\n\n\n\n<p>Aplicabilidade para presen\u00e7as em redes sociais:<\/p>\n\n\n\n<p>Este aviso legal tamb\u00e9m se aplica \u00e0s seguintes presen\u00e7as nas redes sociais:<br>Instagram: @pilatescoredeutschland und @pilatescorebrasil<\/p>\n\n\n\n<p>Facebook: @pilatescore.de und @pilatescore.brasil<\/p>\n\n\n\n<p>YouTube: @pilatescoredeutschland und @pilatescore.brasil<\/p>","protected":false},"excerpt":{"rendered":"<p>Impressum Angaben gem\u00e4\u00df \u00a7 5 DDG: Paula CordeiroInhaberin und Trainerin desPilates Core Studiosin 53757 \u2022 Sankt AugustinL\u00f6wenburgstra\u00dfe 9NRW \u2022 DeutschlandEmail: pilatescore.de@gmail.comTel: +49 0178 322 4033 St-Nr.: 222\/5005\/5402 Hinweis auf EU-Streitschlichtung: Die Europ\u00e4ische Kommission stellt eine Plattform zur Online-Streitbeilegung (OS) bereit: 1. Meine E-Mail-Adresse finden Sie oben im Impressum. Ich bin nicht bereit oder verpflichtet, an&hellip;&nbsp;<a href=\"https:\/\/pilatescore.de\/pt\/impressum\/\" rel=\"bookmark\">Read More &raquo;<span class=\"screen-reader-text\">Aviso Legal<\/span><\/a><\/p>","protected":false},"author":1,"featured_media":0,"parent":0,"menu_order":0,"comment_status":"closed","ping_status":"closed","template":"","meta":{"neve_meta_sidebar":"","neve_meta_container":"","neve_meta_enable_content_width":"","neve_meta_content_width":0,"neve_meta_title_alignment":"","neve_meta_author_avatar":"","neve_post_elements_order":"","neve_meta_disable_header":"","neve_meta_disable_footer":"","neve_meta_disable_title":"","neve_meta_reading_time":"","_themeisle_gutenberg_block_has_review":false,"_ti_tpc_template_sync":false,"_ti_tpc_template_id":"","footnotes":""},"class_list":["post-267","page","type-page","status-publish","hentry"],"yoast_head":"<!-- This site is optimized with the Yoast SEO plugin v27.0 - https:\/\/yoast.com\/product\/yoast-seo-wordpress\/ -->\n<title>Impressum - Pilates Core - Paula Cordeiro<\/title>\n<meta name=\"description\" content=\"Impressum - Paula Cordeiro - Inhaberin und Trainerin des Pilates Core Studios in Sankt Augustin in Nordrhein Westfalen - Hinweise.\" \/>\n<meta name=\"robots\" content=\"index, follow, max-snippet:-1, max-image-preview:large, max-video-preview:-1\" \/>\n<link rel=\"canonical\" href=\"https:\/\/pilatescore.de\/pt\/impressum\/\" \/>\n<meta property=\"og:locale\" content=\"pt_BR\" \/>\n<meta property=\"og:type\" content=\"article\" \/>\n<meta property=\"og:title\" content=\"Impressum - Pilates Core - Paula Cordeiro\" \/>\n<meta property=\"og:description\" content=\"Impressum - Paula Cordeiro - Inhaberin und Trainerin des Pilates Core Studios in Sankt Augustin in Nordrhein Westfalen - Hinweise.\" \/>\n<meta property=\"og:url\" content=\"https:\/\/pilatescore.de\/pt\/impressum\/\" \/>\n<meta property=\"og:site_name\" content=\"Pilates Core - Paula Cordeiro\" \/>\n<meta property=\"article:publisher\" content=\"https:\/\/www.facebook.com\/pilatescore.de\/yoast\" \/>\n<meta property=\"article:modified_time\" content=\"2025-01-22T22:13:09+00:00\" \/>\n<meta property=\"og:image\" content=\"https:\/\/mlkze6ljs6jx.i.optimole.com\/w:auto\/h:auto\/q:mauto\/f:best\/https:\/\/pilatescore.de\/wp-content\/uploads\/2024\/01\/cropped-cropped-2AAA548A-E299-4874-990C-E2529178D427_1_105_c.jpeg\" \/>\n\t<meta property=\"og:image:width\" content=\"512\" \/>\n\t<meta property=\"og:image:height\" content=\"512\" \/>\n\t<meta property=\"og:image:type\" content=\"image\/jpeg\" \/>\n<meta name=\"twitter:card\" content=\"summary_large_image\" \/>\n<meta name=\"twitter:label1\" content=\"Est. tempo de leitura\" \/>\n\t<meta name=\"twitter:data1\" content=\"3 minutos\" \/>\n<script type=\"application\/ld+json\" class=\"yoast-schema-graph\">{\"@context\":\"https:\/\/schema.org\",\"@graph\":[{\"@type\":\"WebPage\",\"@id\":\"https:\/\/pilatescore.de\/impressum\/\",\"url\":\"https:\/\/pilatescore.de\/impressum\/\",\"name\":\"Impressum - Pilates Core - Paula Cordeiro\",\"isPartOf\":{\"@id\":\"https:\/\/pilatescore.de\/#website\"},\"primaryImageOfPage\":{\"@id\":\"https:\/\/pilatescore.de\/impressum\/#primaryimage\"},\"image\":{\"@id\":\"https:\/\/pilatescore.de\/impressum\/#primaryimage\"},\"thumbnailUrl\":\"https:\/\/mlkze6ljs6jx.i.optimole.com\/w:auto\/h:auto\/q:mauto\/f:best\/https:\/\/pilatescore.de\/wp-content\/uploads\/2024\/01\/cropped-cropped-2AAA548A-E299-4874-990C-E2529178D427_1_105_c.jpeg\",\"datePublished\":\"2024-01-16T22:44:13+00:00\",\"dateModified\":\"2025-01-22T22:13:09+00:00\",\"description\":\"Impressum - Paula Cordeiro - Inhaberin und Trainerin des Pilates Core Studios in Sankt Augustin in Nordrhein Westfalen - Hinweise.\",\"breadcrumb\":{\"@id\":\"https:\/\/pilatescore.de\/impressum\/#breadcrumb\"},\"inLanguage\":\"pt-BR\",\"potentialAction\":[{\"@type\":\"ReadAction\",\"target\":[\"https:\/\/pilatescore.de\/impressum\/\"]}]},{\"@type\":\"ImageObject\",\"inLanguage\":\"pt-BR\",\"@id\":\"https:\/\/pilatescore.de\/impressum\/#primaryimage\",\"url\":\"https:\/\/mlkze6ljs6jx.i.optimole.com\/w:auto\/h:auto\/q:mauto\/f:best\/https:\/\/pilatescore.de\/wp-content\/uploads\/2024\/01\/cropped-cropped-2AAA548A-E299-4874-990C-E2529178D427_1_105_c.jpeg\",\"contentUrl\":\"https:\/\/mlkze6ljs6jx.i.optimole.com\/w:auto\/h:auto\/q:mauto\/f:best\/https:\/\/pilatescore.de\/wp-content\/uploads\/2024\/01\/cropped-cropped-2AAA548A-E299-4874-990C-E2529178D427_1_105_c.jpeg\"},{\"@type\":\"BreadcrumbList\",\"@id\":\"https:\/\/pilatescore.de\/impressum\/#breadcrumb\",\"itemListElement\":[{\"@type\":\"ListItem\",\"position\":1,\"name\":\"Startseite\",\"item\":\"https:\/\/pilatescore.de\/\"},{\"@type\":\"ListItem\",\"position\":2,\"name\":\"Impressum\"}]},{\"@type\":\"WebSite\",\"@id\":\"https:\/\/pilatescore.de\/#website\",\"url\":\"https:\/\/pilatescore.de\/\",\"name\":\"Pilates Core - Paula Cordeiro\",\"description\":\"F\u00fchle dich wohl in deiner Haut.\",\"publisher\":{\"@id\":\"https:\/\/pilatescore.de\/#organization\"},\"potentialAction\":[{\"@type\":\"SearchAction\",\"target\":{\"@type\":\"EntryPoint\",\"urlTemplate\":\"https:\/\/pilatescore.de\/?s={search_term_string}\"},\"query-input\":{\"@type\":\"PropertyValueSpecification\",\"valueRequired\":true,\"valueName\":\"search_term_string\"}}],\"inLanguage\":\"pt-BR\"},{\"@type\":\"Organization\",\"@id\":\"https:\/\/pilatescore.de\/#organization\",\"name\":\"Pilates Core - Paula Cordeiro\",\"url\":\"https:\/\/pilatescore.de\/\",\"logo\":{\"@type\":\"ImageObject\",\"inLanguage\":\"pt-BR\",\"@id\":\"https:\/\/pilatescore.de\/#\/schema\/logo\/image\/\",\"url\":\"https:\/\/mlkze6ljs6jx.i.optimole.com\/w:auto\/h:auto\/q:mauto\/f:best\/https:\/\/pilatescore.de\/wp-content\/uploads\/2024\/01\/cropped-cropped-2AAA548A-E299-4874-990C-E2529178D427_1_105_c.jpeg\",\"contentUrl\":\"https:\/\/mlkze6ljs6jx.i.optimole.com\/w:auto\/h:auto\/q:mauto\/f:best\/https:\/\/pilatescore.de\/wp-content\/uploads\/2024\/01\/cropped-cropped-2AAA548A-E299-4874-990C-E2529178D427_1_105_c.jpeg\",\"width\":512,\"height\":512,\"caption\":\"Pilates Core - Paula Cordeiro\"},\"image\":{\"@id\":\"https:\/\/pilatescore.de\/#\/schema\/logo\/image\/\"},\"sameAs\":[\"https:\/\/www.facebook.com\/pilatescore.de\/yoast\",\"https:\/\/www.instagram.com\/pilatescoredeutschland\/yoast\",\"https:\/\/www.instagram.com\/pilatescorebrasil\/yoast\",\"https:\/\/wa.me\/message\/OTZ2QRVVG3S6J1\/yoast\",\"https:\/\/www.youtube.com\/@pilatescore.deutschland\/yoast\",\"https:\/\/www.facebook.com\/pilatescore.brasil\/yoast\"]}]}<\/script>\n<!-- \/ Yoast SEO plugin. -->","yoast_head_json":{"title":"Impressum - Pilates Core - Paula Cordeiro","description":"Impressum - Paula Cordeiro - Inhaberin und Trainerin des Pilates Core Studios in Sankt Augustin in Nordrhein Westfalen - Hinweise.","robots":{"index":"index","follow":"follow","max-snippet":"max-snippet:-1","max-image-preview":"max-image-preview:large","max-video-preview":"max-video-preview:-1"},"canonical":"https:\/\/pilatescore.de\/pt\/impressum\/","og_locale":"pt_BR","og_type":"article","og_title":"Impressum - Pilates Core - Paula Cordeiro","og_description":"Impressum - Paula Cordeiro - Inhaberin und Trainerin des Pilates Core Studios in Sankt Augustin in Nordrhein Westfalen - Hinweise.","og_url":"https:\/\/pilatescore.de\/pt\/impressum\/","og_site_name":"Pilates Core - Paula Cordeiro","article_publisher":"https:\/\/www.facebook.com\/pilatescore.de\/yoast","article_modified_time":"2025-01-22T22:13:09+00:00","og_image":[{"width":512,"height":512,"url":"https:\/\/mlkze6ljs6jx.i.optimole.com\/w:auto\/h:auto\/q:mauto\/f:best\/https:\/\/pilatescore.de\/wp-content\/uploads\/2024\/01\/cropped-cropped-2AAA548A-E299-4874-990C-E2529178D427_1_105_c.jpeg","type":"image\/jpeg"}],"twitter_card":"summary_large_image","twitter_misc":{"Est. tempo de leitura":"3 minutos"},"schema":{"@context":"https:\/\/schema.org","@graph":[{"@type":"WebPage","@id":"https:\/\/pilatescore.de\/impressum\/","url":"https:\/\/pilatescore.de\/impressum\/","name":"Impressum - Pilates Core - Paula Cordeiro","isPartOf":{"@id":"https:\/\/pilatescore.de\/#website"},"primaryImageOfPage":{"@id":"https:\/\/pilatescore.de\/impressum\/#primaryimage"},"image":{"@id":"https:\/\/pilatescore.de\/impressum\/#primaryimage"},"thumbnailUrl":"https:\/\/mlkze6ljs6jx.i.optimole.com\/w:auto\/h:auto\/q:mauto\/f:best\/https:\/\/pilatescore.de\/wp-content\/uploads\/2024\/01\/cropped-cropped-2AAA548A-E299-4874-990C-E2529178D427_1_105_c.jpeg","datePublished":"2024-01-16T22:44:13+00:00","dateModified":"2025-01-22T22:13:09+00:00","description":"Impressum - Paula Cordeiro - Inhaberin und Trainerin des Pilates Core Studios in Sankt Augustin in Nordrhein Westfalen - Hinweise.","breadcrumb":{"@id":"https:\/\/pilatescore.de\/impressum\/#breadcrumb"},"inLanguage":"pt-BR","potentialAction":[{"@type":"ReadAction","target":["https:\/\/pilatescore.de\/impressum\/"]}]},{"@type":"ImageObject","inLanguage":"pt-BR","@id":"https:\/\/pilatescore.de\/impressum\/#primaryimage","url":"https:\/\/mlkze6ljs6jx.i.optimole.com\/w:auto\/h:auto\/q:mauto\/f:best\/https:\/\/pilatescore.de\/wp-content\/uploads\/2024\/01\/cropped-cropped-2AAA548A-E299-4874-990C-E2529178D427_1_105_c.jpeg","contentUrl":"https:\/\/mlkze6ljs6jx.i.optimole.com\/w:auto\/h:auto\/q:mauto\/f:best\/https:\/\/pilatescore.de\/wp-content\/uploads\/2024\/01\/cropped-cropped-2AAA548A-E299-4874-990C-E2529178D427_1_105_c.jpeg"},{"@type":"BreadcrumbList","@id":"https:\/\/pilatescore.de\/impressum\/#breadcrumb","itemListElement":[{"@type":"ListItem","position":1,"name":"Startseite","item":"https:\/\/pilatescore.de\/"},{"@type":"ListItem","position":2,"name":"Impressum"}]},{"@type":"WebSite","@id":"https:\/\/pilatescore.de\/#website","url":"https:\/\/pilatescore.de\/","name":"Pilates Core - Paula Cordeiro","description":"F\u00fchle dich wohl in deiner Haut.","publisher":{"@id":"https:\/\/pilatescore.de\/#organization"},"potentialAction":[{"@type":"SearchAction","target":{"@type":"EntryPoint","urlTemplate":"https:\/\/pilatescore.de\/?s={search_term_string}"},"query-input":{"@type":"PropertyValueSpecification","valueRequired":true,"valueName":"search_term_string"}}],"inLanguage":"pt-BR"},{"@type":"Organization","@id":"https:\/\/pilatescore.de\/#organization","name":"Pilates Core - Paula Cordeiro","url":"https:\/\/pilatescore.de\/","logo":{"@type":"ImageObject","inLanguage":"pt-BR","@id":"https:\/\/pilatescore.de\/#\/schema\/logo\/image\/","url":"https:\/\/mlkze6ljs6jx.i.optimole.com\/w:auto\/h:auto\/q:mauto\/f:best\/https:\/\/pilatescore.de\/wp-content\/uploads\/2024\/01\/cropped-cropped-2AAA548A-E299-4874-990C-E2529178D427_1_105_c.jpeg","contentUrl":"https:\/\/mlkze6ljs6jx.i.optimole.com\/w:auto\/h:auto\/q:mauto\/f:best\/https:\/\/pilatescore.de\/wp-content\/uploads\/2024\/01\/cropped-cropped-2AAA548A-E299-4874-990C-E2529178D427_1_105_c.jpeg","width":512,"height":512,"caption":"Pilates Core - Paula Cordeiro"},"image":{"@id":"https:\/\/pilatescore.de\/#\/schema\/logo\/image\/"},"sameAs":["https:\/\/www.facebook.com\/pilatescore.de\/yoast","https:\/\/www.instagram.com\/pilatescoredeutschland\/yoast","https:\/\/www.instagram.com\/pilatescorebrasil\/yoast","https:\/\/wa.me\/message\/OTZ2QRVVG3S6J1\/yoast","https:\/\/www.youtube.com\/@pilatescore.deutschland\/yoast","https:\/\/www.facebook.com\/pilatescore.brasil\/yoast"]}]}},"_links":{"self":[{"href":"https:\/\/pilatescore.de\/pt\/wp-json\/wp\/v2\/pages\/267","targetHints":{"allow":["GET"]}}],"collection":[{"href":"https:\/\/pilatescore.de\/pt\/wp-json\/wp\/v2\/pages"}],"about":[{"href":"https:\/\/pilatescore.de\/pt\/wp-json\/wp\/v2\/types\/page"}],"author":[{"embeddable":true,"href":"https:\/\/pilatescore.de\/pt\/wp-json\/wp\/v2\/users\/1"}],"replies":[{"embeddable":true,"href":"https:\/\/pilatescore.de\/pt\/wp-json\/wp\/v2\/comments?post=267"}],"version-history":[{"count":8,"href":"https:\/\/pilatescore.de\/pt\/wp-json\/wp\/v2\/pages\/267\/revisions"}],"predecessor-version":[{"id":1639,"href":"https:\/\/pilatescore.de\/pt\/wp-json\/wp\/v2\/pages\/267\/revisions\/1639"}],"wp:attachment":[{"href":"https:\/\/pilatescore.de\/pt\/wp-json\/wp\/v2\/media?parent=267"}],"curies":[{"name":"wp","href":"https:\/\/api.w.org\/{rel}","templated":true}]}}